{"id":17032,"date":"2025-09-25T23:22:32","date_gmt":"2025-09-25T23:22:32","guid":{"rendered":"https:\/\/dev.perdysy.com\/?post_type=product&#038;p=17032"},"modified":"2026-02-16T14:17:24","modified_gmt":"2026-02-16T14:17:24","slug":"calvin-klein-ck21524-2","status":"publish","type":"product","link":"https:\/\/dev.perdysy.com\/sq\/produkt\/calvin-klein-ck21524-2\/","title":{"rendered":"Calvin Klein &#8211; Midnight Black"},"content":{"rendered":"<p>Type: Prescription<br \/>\nGjinia: Gra<br \/>\nBrand: Calvin Klein<br \/>\nModel: CK21524<br \/>\nFrame Shape: Square<br \/>\nFrame Material: Plastic<br \/>\nLloji i Korniz\u00ebs: Rim i plot\u00eb, i p\u00ebrshtatsh\u00ebm p\u00ebr progresivitet<br \/>\nHinge Type: Regular Hinge<\/p>","protected":false},"excerpt":{"rendered":"<table id=\"sizetable\" class=\"tablesorter tablesorter-default tablesorter1b2c1b095b64b\" role=\"grid\" border=\"0\">\n<tbody aria-live=\"polite\" aria-relevant=\"all\">\n<tr class=\"box-select active-size\" role=\"row\">\n<td>55<\/td>\n<td class=\"dash\">12<\/td>\n<td class=\"dash\">140<\/td>\n<td class=\"b-measure\">B 40.1<\/td>\n<\/tr>\n<\/tbody>\n<\/table>","protected":false},"featured_media":20157,"comment_status":"open","ping_status":"closed","template":"","meta":[],"product_brand":[303],"product_cat":[1922,1918],"product_tag":[567],"class_list":{"0":"post-17032","1":"product","2":"type-product","3":"status-publish","4":"has-post-thumbnail","6":"product_brand-calvin-klein","7":"product_cat-female-eye-glasses","8":"product_cat-female","9":"product_tag-eyeglasses","11":"first","12":"instock","13":"shipping-taxable","14":"purchasable","15":"product-type-variable"},"aioseo_notices":[],"_links":{"self":[{"href":"https:\/\/dev.perdysy.com\/sq\/wp-json\/wp\/v2\/product\/17032","targetHints":{"allow":["GET"]}}],"collection":[{"href":"https:\/\/dev.perdysy.com\/sq\/wp-json\/wp\/v2\/product"}],"about":[{"href":"https:\/\/dev.perdysy.com\/sq\/wp-json\/wp\/v2\/types\/product"}],"replies":[{"embeddable":true,"href":"https:\/\/dev.perdysy.com\/sq\/wp-json\/wp\/v2\/comments?post=17032"}],"wp:featuredmedia":[{"embeddable":true,"href":"https:\/\/dev.perdysy.com\/sq\/wp-json\/wp\/v2\/media\/20157"}],"wp:attachment":[{"href":"https:\/\/dev.perdysy.com\/sq\/wp-json\/wp\/v2\/media?parent=17032"}],"wp:term":[{"taxonomy":"product_brand","embeddable":true,"href":"https:\/\/dev.perdysy.com\/sq\/wp-json\/wp\/v2\/product_brand?post=17032"},{"taxonomy":"product_cat","embeddable":true,"href":"https:\/\/dev.perdysy.com\/sq\/wp-json\/wp\/v2\/product_cat?post=17032"},{"taxonomy":"product_tag","embeddable":true,"href":"https:\/\/dev.perdysy.com\/sq\/wp-json\/wp\/v2\/product_tag?post=17032"}],"curies":[{"name":"wp","href":"https:\/\/api.w.org\/{rel}","templated":true}]}}