{"id":17092,"date":"2025-09-29T14:44:18","date_gmt":"2025-09-29T14:44:18","guid":{"rendered":"https:\/\/dev.perdysy.com\/?post_type=product&#038;p=17092"},"modified":"2026-02-16T18:01:07","modified_gmt":"2026-02-16T18:01:07","slug":"giorgio-armani-ar5072","status":"publish","type":"product","link":"https:\/\/dev.perdysy.com\/sq\/produkt\/giorgio-armani-ar5072\/","title":{"rendered":"Giorgio Armani &#8211; Deep Azure"},"content":{"rendered":"<p>Brand: Giorgio Armani<br \/>\nModel: Giorgio Armani AR 5072<br \/>\nDepartment: Men<br \/>\nFrame Color: Matte Blue<br \/>\nType:<br \/>\nStyle: Half Rim<br \/>\nColor: Matte Blue<br \/>\nFrame Material:Metal<br \/>\nForma e korniz\u00ebs: Drejtk\u00ebnd\u00ebshe<\/p>","protected":false},"excerpt":{"rendered":"<p>Size: 53-17-135<\/p>","protected":false},"featured_media":20901,"comment_status":"open","ping_status":"closed","template":"","meta":[],"product_brand":[1778],"product_cat":[1920,1917],"product_tag":[567],"class_list":{"0":"post-17092","1":"product","2":"type-product","3":"status-publish","4":"has-post-thumbnail","6":"product_brand-giorgio-armani","7":"product_cat-male-eye-glasses","8":"product_cat-male","9":"product_tag-eyeglasses","11":"first","12":"instock","13":"shipping-taxable","14":"purchasable","15":"product-type-variable"},"aioseo_notices":[],"_links":{"self":[{"href":"https:\/\/dev.perdysy.com\/sq\/wp-json\/wp\/v2\/product\/17092","targetHints":{"allow":["GET"]}}],"collection":[{"href":"https:\/\/dev.perdysy.com\/sq\/wp-json\/wp\/v2\/product"}],"about":[{"href":"https:\/\/dev.perdysy.com\/sq\/wp-json\/wp\/v2\/types\/product"}],"replies":[{"embeddable":true,"href":"https:\/\/dev.perdysy.com\/sq\/wp-json\/wp\/v2\/comments?post=17092"}],"wp:featuredmedia":[{"embeddable":true,"href":"https:\/\/dev.perdysy.com\/sq\/wp-json\/wp\/v2\/media\/20901"}],"wp:attachment":[{"href":"https:\/\/dev.perdysy.com\/sq\/wp-json\/wp\/v2\/media?parent=17092"}],"wp:term":[{"taxonomy":"product_brand","embeddable":true,"href":"https:\/\/dev.perdysy.com\/sq\/wp-json\/wp\/v2\/product_brand?post=17092"},{"taxonomy":"product_cat","embeddable":true,"href":"https:\/\/dev.perdysy.com\/sq\/wp-json\/wp\/v2\/product_cat?post=17092"},{"taxonomy":"product_tag","embeddable":true,"href":"https:\/\/dev.perdysy.com\/sq\/wp-json\/wp\/v2\/product_tag?post=17092"}],"curies":[{"name":"wp","href":"https:\/\/api.w.org\/{rel}","templated":true}]}}