{"id":17313,"date":"2025-10-01T19:41:16","date_gmt":"2025-10-01T19:41:16","guid":{"rendered":"https:\/\/dev.perdysy.com\/?post_type=product&#038;p=17313"},"modified":"2026-02-13T14:26:05","modified_gmt":"2026-02-13T14:26:05","slug":"coach-hc5120","status":"publish","type":"product","link":"https:\/\/dev.perdysy.com\/sq\/produkt\/coach-hc5120\/","title":{"rendered":"Coach \u2013 Tribeca"},"content":{"rendered":"<p>Type: Prescription<br \/>\nGender: Men<br \/>\nBrand: Coach<br \/>\nModel: HC5120<br \/>\nFrame Shape: Oval<br \/>\nFrame Material: Metal<br \/>\nLloji i Korniz\u00ebs: Rim i plot\u00eb, i p\u00ebrshtatsh\u00ebm p\u00ebr progresivitet<br \/>\nHinge Type: Regular Hinge<br \/>\nGarancia e Prodhuesit<br \/>\nfor Frame: 2 years<\/p>","protected":false},"excerpt":{"rendered":"<table id=\"sizetable\" class=\"tablesorter tablesorter-default tablesorter65af0a751563a\" role=\"grid\" border=\"0\">\n<tbody aria-live=\"polite\">\n<tr class=\"box-select active-size\" role=\"row\">\n<td>51<\/td>\n<td class=\"dash\">19<\/td>\n<td class=\"dash\">145<\/td>\n<td class=\"b-measure\">B 45.8<\/td>\n<\/tr>\n<\/tbody>\n<\/table>","protected":false},"featured_media":20395,"comment_status":"open","ping_status":"closed","template":"","meta":[],"product_brand":[129],"product_cat":[1920,1917],"product_tag":[567],"class_list":{"0":"post-17313","1":"product","2":"type-product","3":"status-publish","4":"has-post-thumbnail","6":"product_brand-coach-oph","7":"product_cat-male-eye-glasses","8":"product_cat-male","9":"product_tag-eyeglasses","11":"first","12":"instock","13":"shipping-taxable","14":"purchasable","15":"product-type-variable"},"aioseo_notices":[],"_links":{"self":[{"href":"https:\/\/dev.perdysy.com\/sq\/wp-json\/wp\/v2\/product\/17313","targetHints":{"allow":["GET"]}}],"collection":[{"href":"https:\/\/dev.perdysy.com\/sq\/wp-json\/wp\/v2\/product"}],"about":[{"href":"https:\/\/dev.perdysy.com\/sq\/wp-json\/wp\/v2\/types\/product"}],"replies":[{"embeddable":true,"href":"https:\/\/dev.perdysy.com\/sq\/wp-json\/wp\/v2\/comments?post=17313"}],"wp:featuredmedia":[{"embeddable":true,"href":"https:\/\/dev.perdysy.com\/sq\/wp-json\/wp\/v2\/media\/20395"}],"wp:attachment":[{"href":"https:\/\/dev.perdysy.com\/sq\/wp-json\/wp\/v2\/media?parent=17313"}],"wp:term":[{"taxonomy":"product_brand","embeddable":true,"href":"https:\/\/dev.perdysy.com\/sq\/wp-json\/wp\/v2\/product_brand?post=17313"},{"taxonomy":"product_cat","embeddable":true,"href":"https:\/\/dev.perdysy.com\/sq\/wp-json\/wp\/v2\/product_cat?post=17313"},{"taxonomy":"product_tag","embeddable":true,"href":"https:\/\/dev.perdysy.com\/sq\/wp-json\/wp\/v2\/product_tag?post=17313"}],"curies":[{"name":"wp","href":"https:\/\/api.w.org\/{rel}","templated":true}]}}