{"id":17317,"date":"2025-10-01T19:53:01","date_gmt":"2025-10-01T19:53:01","guid":{"rendered":"https:\/\/dev.perdysy.com\/?post_type=product&#038;p=17317"},"modified":"2026-02-13T14:24:34","modified_gmt":"2026-02-13T14:24:34","slug":"coach-hc6187","status":"publish","type":"product","link":"https:\/\/dev.perdysy.com\/sq\/produkt\/coach-hc6187\/","title":{"rendered":"Coach &#8211; Madison Luxe"},"content":{"rendered":"<p>Type: Prescription<br \/>\nGjinia: Gra<br \/>\nBrand: Coach<br \/>\nModel: HC6187<br \/>\nFrame Shape: Rounded Edges<br \/>\nFrame Material: Acetate<br \/>\nLloji i Korniz\u00ebs: Rim i plot\u00eb, i p\u00ebrshtatsh\u00ebm p\u00ebr progresivitet<br \/>\nGarancia e Prodhuesit<br \/>\nfor Frame: 2 years<\/p>","protected":false},"excerpt":{"rendered":"<table id=\"sizetable\" class=\"tablesorter tablesorter-default tablesortera4e8bc5db3cf88\" role=\"grid\" border=\"0\">\n<tbody aria-live=\"polite\">\n<tr class=\"box-select active-size\" role=\"row\">\n<td>52<\/td>\n<td class=\"dash\">18<\/td>\n<td class=\"dash\">140<\/td>\n<td class=\"b-measure\">B 38.9<\/td>\n<\/tr>\n<\/tbody>\n<\/table>","protected":false},"featured_media":20568,"comment_status":"open","ping_status":"closed","template":"","meta":[],"product_brand":[129],"product_cat":[1922,1918],"product_tag":[567],"class_list":{"0":"post-17317","1":"product","2":"type-product","3":"status-publish","4":"has-post-thumbnail","6":"product_brand-coach-oph","7":"product_cat-female-eye-glasses","8":"product_cat-female","9":"product_tag-eyeglasses","11":"first","12":"instock","13":"shipping-taxable","14":"purchasable","15":"product-type-variable"},"aioseo_notices":[],"_links":{"self":[{"href":"https:\/\/dev.perdysy.com\/sq\/wp-json\/wp\/v2\/product\/17317","targetHints":{"allow":["GET"]}}],"collection":[{"href":"https:\/\/dev.perdysy.com\/sq\/wp-json\/wp\/v2\/product"}],"about":[{"href":"https:\/\/dev.perdysy.com\/sq\/wp-json\/wp\/v2\/types\/product"}],"replies":[{"embeddable":true,"href":"https:\/\/dev.perdysy.com\/sq\/wp-json\/wp\/v2\/comments?post=17317"}],"wp:featuredmedia":[{"embeddable":true,"href":"https:\/\/dev.perdysy.com\/sq\/wp-json\/wp\/v2\/media\/20568"}],"wp:attachment":[{"href":"https:\/\/dev.perdysy.com\/sq\/wp-json\/wp\/v2\/media?parent=17317"}],"wp:term":[{"taxonomy":"product_brand","embeddable":true,"href":"https:\/\/dev.perdysy.com\/sq\/wp-json\/wp\/v2\/product_brand?post=17317"},{"taxonomy":"product_cat","embeddable":true,"href":"https:\/\/dev.perdysy.com\/sq\/wp-json\/wp\/v2\/product_cat?post=17317"},{"taxonomy":"product_tag","embeddable":true,"href":"https:\/\/dev.perdysy.com\/sq\/wp-json\/wp\/v2\/product_tag?post=17317"}],"curies":[{"name":"wp","href":"https:\/\/api.w.org\/{rel}","templated":true}]}}