{"id":3735,"date":"2025-06-10T15:54:01","date_gmt":"2025-06-10T15:54:01","guid":{"rendered":"https:\/\/dev.perdysy.com\/?post_type=product&#038;p=3735"},"modified":"2026-02-16T17:28:14","modified_gmt":"2026-02-16T17:28:14","slug":"calvin-klein-ck23522","status":"publish","type":"product","link":"https:\/\/dev.perdysy.com\/sq\/produkt\/calvin-klein-ck23522\/","title":{"rendered":"Calvin Klein &#8211; Midnight Elite"},"content":{"rendered":"<p>Gjinia: Mashkull<br \/>\nMosha: I rritur<\/p>\n<p>Grupi i Produkteve: Plastik\u00eb<br \/>\nMateriali: Plastik\u00eb<br \/>\nUra: Universale<br \/>\nTempulli: Drejt<br \/>\nForm\u00eb: Drejtk\u00ebnd\u00ebsh<br \/>\nRrip: Rrip i plot\u00eb<\/p>\n<p>Vendi: Kin\u00eb<br \/>\nIntroduced: February 2023<br \/>\nGarancia: Garanci 2-vje\u00e7are.<\/p>","protected":false},"excerpt":{"rendered":"<table>\n<tbody>\n<tr>\n<td>Madh\u00ebsia e syve<\/td>\n<td>Nj\u00eb<\/td>\n<td>B<\/td>\n<td>DBL<\/td>\n<td>ED<\/td>\n<td>Tempull<\/td>\n<td>Ur\u00eb<\/td>\n<td>Rreth<\/td>\n<\/tr>\n<tr>\n<td>53<\/td>\n<td>53<\/td>\n<td>39.6<\/td>\n<td>15.00<\/td>\n<td>59.7<\/td>\n<td>145<\/td>\n<td>15<\/td>\n<td>156.4<\/td>\n<\/tr>\n<\/tbody>\n<\/table>","protected":false},"featured_media":20575,"comment_status":"open","ping_status":"closed","template":"","meta":[],"product_brand":[303],"product_cat":[1920,1917],"product_tag":[1946,567],"class_list":{"0":"post-3735","1":"product","2":"type-product","3":"status-publish","4":"has-post-thumbnail","6":"product_brand-calvin-klein","7":"product_cat-male-eye-glasses","8":"product_cat-male","9":"product_tag-175-below","10":"product_tag-eyeglasses","12":"first","13":"instock","14":"shipping-taxable","15":"purchasable","16":"product-type-variable"},"aioseo_notices":[],"_links":{"self":[{"href":"https:\/\/dev.perdysy.com\/sq\/wp-json\/wp\/v2\/product\/3735","targetHints":{"allow":["GET"]}}],"collection":[{"href":"https:\/\/dev.perdysy.com\/sq\/wp-json\/wp\/v2\/product"}],"about":[{"href":"https:\/\/dev.perdysy.com\/sq\/wp-json\/wp\/v2\/types\/product"}],"replies":[{"embeddable":true,"href":"https:\/\/dev.perdysy.com\/sq\/wp-json\/wp\/v2\/comments?post=3735"}],"wp:featuredmedia":[{"embeddable":true,"href":"https:\/\/dev.perdysy.com\/sq\/wp-json\/wp\/v2\/media\/20575"}],"wp:attachment":[{"href":"https:\/\/dev.perdysy.com\/sq\/wp-json\/wp\/v2\/media?parent=3735"}],"wp:term":[{"taxonomy":"product_brand","embeddable":true,"href":"https:\/\/dev.perdysy.com\/sq\/wp-json\/wp\/v2\/product_brand?post=3735"},{"taxonomy":"product_cat","embeddable":true,"href":"https:\/\/dev.perdysy.com\/sq\/wp-json\/wp\/v2\/product_cat?post=3735"},{"taxonomy":"product_tag","embeddable":true,"href":"https:\/\/dev.perdysy.com\/sq\/wp-json\/wp\/v2\/product_tag?post=3735"}],"curies":[{"name":"wp","href":"https:\/\/api.w.org\/{rel}","templated":true}]}}