{"id":4010,"date":"2025-06-17T15:08:27","date_gmt":"2025-06-17T15:08:27","guid":{"rendered":"https:\/\/dev.perdysy.com\/?post_type=product&#038;p=4010"},"modified":"2026-02-13T20:12:03","modified_gmt":"2026-02-13T20:12:03","slug":"ted-baker-youth-oph-b989","status":"publish","type":"product","link":"https:\/\/dev.perdysy.com\/sq\/produkt\/ted-baker-youth-oph-b989\/","title":{"rendered":"Ted Baker &#8211; Youth Navy"},"content":{"rendered":"<p>Gjinia: Mashkull<br \/>\nMosha: F\u00ebmij\u00eb<\/p>\n<p>Grupi i Produkteve: P\u00ebr F\u00ebmij\u00eb<br \/>\nMateriali: Metal<br \/>\nUra: Mbush\u00ebse hunde t\u00eb rregullueshme<br \/>\nTempulli: Kafka<br \/>\nHinge: Spring Hinge<br \/>\nForm\u00eb: Drejtk\u00ebnd\u00ebsh<br \/>\nRrip: Rrip i plot\u00eb<\/p>\n<p>Kutia: Kutia \u00ebsht\u00eb e p\u00ebrfshir\u00eb.<br \/>\nVendi: Kin\u00eb<br \/>\nIntroduced: June 2022<\/p>","protected":false},"excerpt":{"rendered":"<table>\n<tbody>\n<tr>\n<td>Madh\u00ebsia e syve<\/td>\n<td>Nj\u00eb<\/td>\n<td>B<\/td>\n<td>DBL<\/td>\n<td>ED<\/td>\n<td>Tempull<\/td>\n<td>Ur\u00eb<\/td>\n<td>Rreth<\/td>\n<\/tr>\n<tr>\n<td>51<\/td>\n<td>51<\/td>\n<td>33.1<\/td>\n<td>17.00<\/td>\n<td>53.7<\/td>\n<td>135<\/td>\n<td>17<\/td>\n<td>142.0<\/td>\n<\/tr>\n<\/tbody>\n<\/table>","protected":false},"featured_media":21680,"comment_status":"open","ping_status":"closed","template":"","meta":[],"product_brand":[138],"product_cat":[1924,1926],"product_tag":[1946,567],"class_list":{"0":"post-4010","1":"product","2":"type-product","3":"status-publish","4":"has-post-thumbnail","6":"product_brand-ted-baker-youth-oph","7":"product_cat-boys","8":"product_cat-boys-eye-glasses","9":"product_tag-175-below","10":"product_tag-eyeglasses","12":"first","13":"instock","14":"shipping-taxable","15":"purchasable","16":"product-type-variable","17":"has-default-attributes"},"aioseo_notices":[],"_links":{"self":[{"href":"https:\/\/dev.perdysy.com\/sq\/wp-json\/wp\/v2\/product\/4010","targetHints":{"allow":["GET"]}}],"collection":[{"href":"https:\/\/dev.perdysy.com\/sq\/wp-json\/wp\/v2\/product"}],"about":[{"href":"https:\/\/dev.perdysy.com\/sq\/wp-json\/wp\/v2\/types\/product"}],"replies":[{"embeddable":true,"href":"https:\/\/dev.perdysy.com\/sq\/wp-json\/wp\/v2\/comments?post=4010"}],"wp:featuredmedia":[{"embeddable":true,"href":"https:\/\/dev.perdysy.com\/sq\/wp-json\/wp\/v2\/media\/21680"}],"wp:attachment":[{"href":"https:\/\/dev.perdysy.com\/sq\/wp-json\/wp\/v2\/media?parent=4010"}],"wp:term":[{"taxonomy":"product_brand","embeddable":true,"href":"https:\/\/dev.perdysy.com\/sq\/wp-json\/wp\/v2\/product_brand?post=4010"},{"taxonomy":"product_cat","embeddable":true,"href":"https:\/\/dev.perdysy.com\/sq\/wp-json\/wp\/v2\/product_cat?post=4010"},{"taxonomy":"product_tag","embeddable":true,"href":"https:\/\/dev.perdysy.com\/sq\/wp-json\/wp\/v2\/product_tag?post=4010"}],"curies":[{"name":"wp","href":"https:\/\/api.w.org\/{rel}","templated":true}]}}