{"id":4966,"date":"2025-07-29T16:55:36","date_gmt":"2025-07-29T16:55:36","guid":{"rendered":"https:\/\/dev.perdysy.com\/?post_type=product&#038;p=4966"},"modified":"2026-02-16T17:43:04","modified_gmt":"2026-02-16T17:43:04","slug":"ted-baker-twbio001","status":"publish","type":"product","link":"https:\/\/dev.perdysy.com\/sq\/produkt\/ted-baker-twbio001\/","title":{"rendered":"Ted Baker &#8211; Rose Blush"},"content":{"rendered":"<p>Gjinia: Fem\u00ebr<br \/>\nMosha: I rritur<\/p>\n<p>Grupi i Produkteve: Plastik\u00eb<br \/>\nMateriali: Plastik\u00eb<br \/>\nUra: Universale<br \/>\nTempulli: Kafka<br \/>\nHinge: Spring Hinge<br \/>\nForm\u00eb: Katrore<br \/>\nRrip: Rrip i plot\u00eb<\/p>\n<p>Kutia: Kutia \u00ebsht\u00eb e p\u00ebrfshir\u00eb.<br \/>\nVendi: Kin\u00eb<br \/>\nIntroduced: March 2022<\/p>","protected":false},"excerpt":{"rendered":"<table>\n<tbody>\n<tr>\n<td>Madh\u00ebsia e syve<\/td>\n<td>Nj\u00eb<\/td>\n<td>B<\/td>\n<td>DBL<\/td>\n<td>ED<\/td>\n<td>Tempull<\/td>\n<td>Ur\u00eb<\/td>\n<td>Rreth<\/td>\n<\/tr>\n<tr>\n<td>52<\/td>\n<td>52<\/td>\n<td>42.40<\/td>\n<td>17.00<\/td>\n<td>57.70<\/td>\n<td>140<\/td>\n<td>17<\/td>\n<td>157.3<\/td>\n<\/tr>\n<\/tbody>\n<\/table>","protected":false},"featured_media":19890,"comment_status":"open","ping_status":"closed","template":"","meta":[],"product_brand":[556],"product_cat":[1922,1918],"product_tag":[567],"class_list":{"0":"post-4966","1":"product","2":"type-product","3":"status-publish","4":"has-post-thumbnail","6":"product_brand-ted-baker","7":"product_cat-female-eye-glasses","8":"product_cat-female","9":"product_tag-eyeglasses","11":"first","12":"instock","13":"shipping-taxable","14":"purchasable","15":"product-type-variable"},"aioseo_notices":[],"_links":{"self":[{"href":"https:\/\/dev.perdysy.com\/sq\/wp-json\/wp\/v2\/product\/4966","targetHints":{"allow":["GET"]}}],"collection":[{"href":"https:\/\/dev.perdysy.com\/sq\/wp-json\/wp\/v2\/product"}],"about":[{"href":"https:\/\/dev.perdysy.com\/sq\/wp-json\/wp\/v2\/types\/product"}],"replies":[{"embeddable":true,"href":"https:\/\/dev.perdysy.com\/sq\/wp-json\/wp\/v2\/comments?post=4966"}],"wp:featuredmedia":[{"embeddable":true,"href":"https:\/\/dev.perdysy.com\/sq\/wp-json\/wp\/v2\/media\/19890"}],"wp:attachment":[{"href":"https:\/\/dev.perdysy.com\/sq\/wp-json\/wp\/v2\/media?parent=4966"}],"wp:term":[{"taxonomy":"product_brand","embeddable":true,"href":"https:\/\/dev.perdysy.com\/sq\/wp-json\/wp\/v2\/product_brand?post=4966"},{"taxonomy":"product_cat","embeddable":true,"href":"https:\/\/dev.perdysy.com\/sq\/wp-json\/wp\/v2\/product_cat?post=4966"},{"taxonomy":"product_tag","embeddable":true,"href":"https:\/\/dev.perdysy.com\/sq\/wp-json\/wp\/v2\/product_tag?post=4966"}],"curies":[{"name":"wp","href":"https:\/\/api.w.org\/{rel}","templated":true}]}}