{"id":8655,"date":"2025-09-07T12:47:04","date_gmt":"2025-09-07T12:47:04","guid":{"rendered":"https:\/\/dev.perdysy.com\/?post_type=product&#038;p=8655"},"modified":"2026-02-16T17:36:14","modified_gmt":"2026-02-16T17:36:14","slug":"emporio-armani-ea4208","status":"publish","type":"product","link":"https:\/\/dev.perdysy.com\/sq\/produkt\/emporio-armani-ea4208\/","title":{"rendered":"Emporio Armani &#8211; Mocha Brown"},"content":{"rendered":"<p>Type:<br \/>\nGender: Men<br \/>\nBrand: Emporio Armani<br \/>\nModel: EA4224<br \/>\nForma e korniz\u00ebs: Drejtk\u00ebnd\u00ebshe<br \/>\nFrame Material: Plastic<br \/>\nGarancia e Prodhuesit<br \/>\nfor Frame: 2 years<\/p>","protected":false},"excerpt":{"rendered":"<table id=\"sizetable\" class=\"tablesorter tablesorter-default tablesorter64e0184c62d77\" role=\"grid\" border=\"0\">\n<tbody aria-live=\"polite\" aria-relevant=\"all\">\n<tr class=\"box-select active-size\" role=\"row\">\n<td>57<\/td>\n<td class=\"dash\">19<\/td>\n<td class=\"dash\">145<\/td>\n<td class=\"b-measure\">B 40.9<\/td>\n<\/tr>\n<\/tbody>\n<\/table>","protected":false},"featured_media":21109,"comment_status":"open","ping_status":"closed","template":"","meta":[],"product_brand":[132],"product_cat":[1917,1919],"product_tag":[566],"class_list":{"0":"post-8655","1":"product","2":"type-product","3":"status-publish","4":"has-post-thumbnail","6":"product_brand-emporio-armani-sun","7":"product_cat-male","8":"product_cat-male-sunglasses","9":"product_tag-sunglasses","11":"first","12":"instock","13":"shipping-taxable","14":"purchasable","15":"product-type-variable"},"aioseo_notices":[],"_links":{"self":[{"href":"https:\/\/dev.perdysy.com\/sq\/wp-json\/wp\/v2\/product\/8655","targetHints":{"allow":["GET"]}}],"collection":[{"href":"https:\/\/dev.perdysy.com\/sq\/wp-json\/wp\/v2\/product"}],"about":[{"href":"https:\/\/dev.perdysy.com\/sq\/wp-json\/wp\/v2\/types\/product"}],"replies":[{"embeddable":true,"href":"https:\/\/dev.perdysy.com\/sq\/wp-json\/wp\/v2\/comments?post=8655"}],"wp:featuredmedia":[{"embeddable":true,"href":"https:\/\/dev.perdysy.com\/sq\/wp-json\/wp\/v2\/media\/21109"}],"wp:attachment":[{"href":"https:\/\/dev.perdysy.com\/sq\/wp-json\/wp\/v2\/media?parent=8655"}],"wp:term":[{"taxonomy":"product_brand","embeddable":true,"href":"https:\/\/dev.perdysy.com\/sq\/wp-json\/wp\/v2\/product_brand?post=8655"},{"taxonomy":"product_cat","embeddable":true,"href":"https:\/\/dev.perdysy.com\/sq\/wp-json\/wp\/v2\/product_cat?post=8655"},{"taxonomy":"product_tag","embeddable":true,"href":"https:\/\/dev.perdysy.com\/sq\/wp-json\/wp\/v2\/product_tag?post=8655"}],"curies":[{"name":"wp","href":"https:\/\/api.w.org\/{rel}","templated":true}]}}