{"id":8731,"date":"2025-09-07T15:08:24","date_gmt":"2025-09-07T15:08:24","guid":{"rendered":"https:\/\/dev.perdysy.com\/?post_type=product&#038;p=8731"},"modified":"2026-02-16T15:22:07","modified_gmt":"2026-02-16T15:22:07","slug":"kate-spade-temperance","status":"publish","type":"product","link":"https:\/\/dev.perdysy.com\/sq\/produkt\/kate-spade-temperance\/","title":{"rendered":"Kate Spade &#8211; Temperance"},"content":{"rendered":"<p>Type: Prescription<br \/>\nGjinia: Gra<br \/>\nBrand: Kate Spade<br \/>\nModel: TEMPERANCE<br \/>\nFrame Shape: Rounded Edges<br \/>\nFrame Material: Plastic<br \/>\nLloji i Korniz\u00ebs: Rim i plot\u00eb, i p\u00ebrshtatsh\u00ebm p\u00ebr progresivitet<br \/>\nLloji i mentesh\u00ebs: Sust\u00eb\/Fleks<br \/>\nGarancia e Prodhuesit<br \/>\np\u00ebr Korniz\u00ebn: 1 vit<\/p>","protected":false},"excerpt":{"rendered":"<table id=\"sizetable\" class=\"tablesorter tablesorter-default tablesorterdd4d7abfc77808\" role=\"grid\" border=\"0\">\n<tbody aria-live=\"polite\">\n<tr class=\"box-select active-size\" role=\"row\">\n<td>49<\/td>\n<td class=\"dash\">18<\/td>\n<td class=\"dash\">140<\/td>\n<td class=\"b-measure\">B 41.3<\/td>\n<\/tr>\n<\/tbody>\n<\/table>","protected":false},"featured_media":20656,"comment_status":"open","ping_status":"closed","template":"","meta":[],"product_brand":[133],"product_cat":[1922,1918],"product_tag":[567],"class_list":{"0":"post-8731","1":"product","2":"type-product","3":"status-publish","4":"has-post-thumbnail","6":"product_brand-kate-spade-oph","7":"product_cat-female-eye-glasses","8":"product_cat-female","9":"product_tag-eyeglasses","11":"first","12":"instock","13":"shipping-taxable","14":"purchasable","15":"product-type-variable"},"aioseo_notices":[],"_links":{"self":[{"href":"https:\/\/dev.perdysy.com\/sq\/wp-json\/wp\/v2\/product\/8731","targetHints":{"allow":["GET"]}}],"collection":[{"href":"https:\/\/dev.perdysy.com\/sq\/wp-json\/wp\/v2\/product"}],"about":[{"href":"https:\/\/dev.perdysy.com\/sq\/wp-json\/wp\/v2\/types\/product"}],"replies":[{"embeddable":true,"href":"https:\/\/dev.perdysy.com\/sq\/wp-json\/wp\/v2\/comments?post=8731"}],"wp:featuredmedia":[{"embeddable":true,"href":"https:\/\/dev.perdysy.com\/sq\/wp-json\/wp\/v2\/media\/20656"}],"wp:attachment":[{"href":"https:\/\/dev.perdysy.com\/sq\/wp-json\/wp\/v2\/media?parent=8731"}],"wp:term":[{"taxonomy":"product_brand","embeddable":true,"href":"https:\/\/dev.perdysy.com\/sq\/wp-json\/wp\/v2\/product_brand?post=8731"},{"taxonomy":"product_cat","embeddable":true,"href":"https:\/\/dev.perdysy.com\/sq\/wp-json\/wp\/v2\/product_cat?post=8731"},{"taxonomy":"product_tag","embeddable":true,"href":"https:\/\/dev.perdysy.com\/sq\/wp-json\/wp\/v2\/product_tag?post=8731"}],"curies":[{"name":"wp","href":"https:\/\/api.w.org\/{rel}","templated":true}]}}