{"id":8898,"date":"2025-09-07T22:52:46","date_gmt":"2025-09-07T22:52:46","guid":{"rendered":"https:\/\/dev.perdysy.com\/?post_type=product&#038;p=8898"},"modified":"2026-02-16T15:19:41","modified_gmt":"2026-02-16T15:19:41","slug":"michael-kors-mk4134u","status":"publish","type":"product","link":"https:\/\/dev.perdysy.com\/sq\/produkt\/michael-kors-mk4134u\/","title":{"rendered":"Michael Kors \u2013 Clear Luxe"},"content":{"rendered":"<p>Type: Prescription<br \/>\nGjinia: Gra<br \/>\nBrand: Michael Kors<br \/>\nModel: MK4134U<br \/>\nForma e korniz\u00ebs: Drejtk\u00ebnd\u00ebshe<br \/>\nFrame Material: Plastic<br \/>\nFrame Type: Progressive Eligible<br \/>\nHinge Type: Regular Hinge<br \/>\nGarancia e Prodhuesit<br \/>\nfor Frame: 2 years<\/p>","protected":false},"excerpt":{"rendered":"<table id=\"sizetable\" class=\"tablesorter tablesorter-default tablesorter2085e222a4798\" role=\"grid\" border=\"0\">\n<tbody aria-live=\"polite\" aria-relevant=\"all\">\n<tr class=\"box-select active-size\" role=\"row\">\n<td>52<\/td>\n<td class=\"dash\">17<\/td>\n<td class=\"dash\">140<\/td>\n<td class=\"b-measure\">B 38.9<\/td>\n<\/tr>\n<tr class=\"box-select\" role=\"row\">\n<td>54<\/td>\n<td class=\"dash\">17<\/td>\n<td class=\"dash\">140<\/td>\n<td class=\"b-measure\">B 40.4<\/td>\n<\/tr>\n<\/tbody>\n<\/table>","protected":false},"featured_media":20438,"comment_status":"open","ping_status":"closed","template":"","meta":[],"product_brand":[135],"product_cat":[1922,1918],"product_tag":[567],"class_list":{"0":"post-8898","1":"product","2":"type-product","3":"status-publish","4":"has-post-thumbnail","6":"product_brand-micheal-kors-oph","7":"product_cat-female-eye-glasses","8":"product_cat-female","9":"product_tag-eyeglasses","11":"first","12":"instock","13":"shipping-taxable","14":"purchasable","15":"product-type-variable"},"aioseo_notices":[],"_links":{"self":[{"href":"https:\/\/dev.perdysy.com\/sq\/wp-json\/wp\/v2\/product\/8898","targetHints":{"allow":["GET"]}}],"collection":[{"href":"https:\/\/dev.perdysy.com\/sq\/wp-json\/wp\/v2\/product"}],"about":[{"href":"https:\/\/dev.perdysy.com\/sq\/wp-json\/wp\/v2\/types\/product"}],"replies":[{"embeddable":true,"href":"https:\/\/dev.perdysy.com\/sq\/wp-json\/wp\/v2\/comments?post=8898"}],"wp:featuredmedia":[{"embeddable":true,"href":"https:\/\/dev.perdysy.com\/sq\/wp-json\/wp\/v2\/media\/20438"}],"wp:attachment":[{"href":"https:\/\/dev.perdysy.com\/sq\/wp-json\/wp\/v2\/media?parent=8898"}],"wp:term":[{"taxonomy":"product_brand","embeddable":true,"href":"https:\/\/dev.perdysy.com\/sq\/wp-json\/wp\/v2\/product_brand?post=8898"},{"taxonomy":"product_cat","embeddable":true,"href":"https:\/\/dev.perdysy.com\/sq\/wp-json\/wp\/v2\/product_cat?post=8898"},{"taxonomy":"product_tag","embeddable":true,"href":"https:\/\/dev.perdysy.com\/sq\/wp-json\/wp\/v2\/product_tag?post=8898"}],"curies":[{"name":"wp","href":"https:\/\/api.w.org\/{rel}","templated":true}]}}